{"id":10,"date":"2025-06-16T01:35:42","date_gmt":"2025-06-16T01:35:42","guid":{"rendered":"http:\/\/gcacdispatch.net\/?page_id=10"},"modified":"2025-06-16T01:38:12","modified_gmt":"2025-06-16T01:38:12","slug":"support-technique-gcacdispatch","status":"publish","type":"page","link":"https:\/\/gcacdispatch.net\/index.php\/support-technique-gcacdispatch\/","title":{"rendered":"Support technique \/ Technical support"},"content":{"rendered":"\n<p><strong>FR \u2013 Fran\u00e7ais<\/strong><\/p>\n\n\n\n<p><\/p>\n\n\n\n<p><\/p>\n\n\n\n<p>Bienvenue sur la page de support de l\u2019application GCACDispatch.<br>Cette application est con\u00e7ue pour aider les b\u00e9n\u00e9voles et les coordonnateurs dans la gestion des op\u00e9rations de patrouille et de sauvetage.<\/p>\n\n\n\n<h2 class=\"wp-block-heading\">Contact<\/h2>\n\n\n\n<p>Pour toute question ou probl\u00e8me technique :<br>\ud83d\udce7 support@gcacdispatch.com<\/p>\n\n\n\n<h2 class=\"wp-block-heading\">Questions fr\u00e9quentes (FAQ)<\/h2>\n\n\n\n<ul class=\"wp-block-list\">\n<li><strong>Je n\u2019arrive pas \u00e0 me connecter.<\/strong><br>\u2192 V\u00e9rifiez que votre mot de passe est correct ou cliquez sur &#8220;Mot de passe oubli\u00e9&#8221;.<\/li>\n\n\n\n<li><strong>Je ne re\u00e7ois pas les notifications.<\/strong><br>\u2192 V\u00e9rifiez les param\u00e8tres de notification sur votre t\u00e9l\u00e9phone.<\/li>\n<\/ul>\n\n\n\n<hr class=\"wp-block-separator has-alpha-channel-opacity\"\/>\n\n\n\n<p><strong>EN \u2013 English<\/strong><\/p>\n\n\n\n<p>Welcome to the support page for the GCACDispatch application.<br>This app is designed to assist volunteers and coordinators in managing patrol and rescue operations.<\/p>\n\n\n\n<h2 class=\"wp-block-heading\">Contact<\/h2>\n\n\n\n<p>For any question or technical issue:<br>\ud83d\udce7 support@gcacdispatch.com<\/p>\n\n\n\n<h2 class=\"wp-block-heading\">Frequently Asked Questions (FAQ)<\/h2>\n\n\n\n<ul class=\"wp-block-list\">\n<li><strong>I can&#8217;t log in.<\/strong><br>\u2192 Check your password or click &#8220;Forgot Password&#8221;.<\/li>\n\n\n\n<li><strong>I\u2019m not receiving notifications.<\/strong><br>\u2192 Make sure app notifications are enabled in your device settings.<\/li>\n<\/ul>\n","protected":false},"excerpt":{"rendered":"<p>FR \u2013 Fran\u00e7ais Bienvenue sur la page de support de l\u2019application GCACDispatch.Cette application est con\u00e7ue pour aider les b\u00e9n\u00e9voles et [&hellip;]<\/p>\n","protected":false},"author":1,"featured_media":0,"parent":0,"menu_order":0,"comment_status":"closed","ping_status":"closed","template":"","meta":{"site-sidebar-layout":"default","site-content-layout":"","ast-site-content-layout":"","site-content-style":"default","site-sidebar-style":"default","ast-global-header-display":"","ast-banner-title-visibility":"","ast-main-header-display":"","ast-hfb-above-header-display":"","ast-hfb-below-header-display":"","ast-hfb-mobile-header-display":"","site-post-title":"","ast-breadcrumbs-content":"","ast-featured-img":"","footer-sml-layout":"","theme-transparent-header-meta":"","adv-header-id-meta":"","stick-header-meta":"","header-above-stick-meta":"","header-main-stick-meta":"","header-below-stick-meta":"","astra-migrate-meta-layouts":"default","ast-page-background-enabled":"default","ast-page-background-meta":{"desktop":{"background-color":"var(--ast-global-color-5)","background-image":"","background-repeat":"repeat","background-position":"center center","background-size":"auto","background-attachment":"scroll","background-type":"","background-media":"","overlay-type":"","overlay-color":"","overlay-opacity":"","overlay-gradient":""},"tablet":{"background-color":"","background-image":"","background-repeat":"repeat","background-position":"center center","background-size":"auto","background-attachment":"scroll","background-type":"","background-media":"","overlay-type":"","overlay-color":"","overlay-opacity":"","overlay-gradient":""},"mobile":{"background-color":"","background-image":"","background-repeat":"repeat","background-position":"center center","background-size":"auto","background-attachment":"scroll","background-type":"","background-media":"","overlay-type":"","overlay-color":"","overlay-opacity":"","overlay-gradient":""}},"ast-content-background-meta":{"desktop":{"background-color":"var(--ast-global-color-4)","background-image":"","background-repeat":"repeat","background-position":"center center","background-size":"auto","background-attachment":"scroll","background-type":"","background-media":"","overlay-type":"","overlay-color":"","overlay-opacity":"","overlay-gradient":""},"tablet":{"background-color":"var(--ast-global-color-4)","background-image":"","background-repeat":"repeat","background-position":"center center","background-size":"auto","background-attachment":"scroll","background-type":"","background-media":"","overlay-type":"","overlay-color":"","overlay-opacity":"","overlay-gradient":""},"mobile":{"background-color":"var(--ast-global-color-4)","background-image":"","background-repeat":"repeat","background-position":"center center","background-size":"auto","background-attachment":"scroll","background-type":"","background-media":"","overlay-type":"","overlay-color":"","overlay-opacity":"","overlay-gradient":""}},"footnotes":""},"class_list":["post-10","page","type-page","status-publish","hentry"],"_links":{"self":[{"href":"https:\/\/gcacdispatch.net\/index.php\/wp-json\/wp\/v2\/pages\/10","targetHints":{"allow":["GET"]}}],"collection":[{"href":"https:\/\/gcacdispatch.net\/index.php\/wp-json\/wp\/v2\/pages"}],"about":[{"href":"https:\/\/gcacdispatch.net\/index.php\/wp-json\/wp\/v2\/types\/page"}],"author":[{"embeddable":true,"href":"https:\/\/gcacdispatch.net\/index.php\/wp-json\/wp\/v2\/users\/1"}],"replies":[{"embeddable":true,"href":"https:\/\/gcacdispatch.net\/index.php\/wp-json\/wp\/v2\/comments?post=10"}],"version-history":[{"count":3,"href":"https:\/\/gcacdispatch.net\/index.php\/wp-json\/wp\/v2\/pages\/10\/revisions"}],"predecessor-version":[{"id":14,"href":"https:\/\/gcacdispatch.net\/index.php\/wp-json\/wp\/v2\/pages\/10\/revisions\/14"}],"wp:attachment":[{"href":"https:\/\/gcacdispatch.net\/index.php\/wp-json\/wp\/v2\/media?parent=10"}],"curies":[{"name":"wp","href":"https:\/\/api.w.org\/{rel}","templated":true}]}}